{"id":27,"date":"2017-10-30T09:21:56","date_gmt":"2017-10-30T08:21:56","guid":{"rendered":"http:\/\/patriceluquet.com\/?page_id=27"},"modified":"2023-05-14T10:17:40","modified_gmt":"2023-05-14T08:17:40","slug":"contact","status":"publish","type":"page","link":"http:\/\/patriceluquet.com\/","title":{"rendered":"PARCOURS"},"content":{"rendered":"<p align=\"LEFT\"><span style=\"color: #000000;\"><span style=\"font-family: Futura;\"><span style=\"font-size: large;\">Dessin, caricature, graphisme, peinture, collages, affiches, travail du bois, \u00e0 travers les loisirs de jeunesse, les cours des Beaux-Arts de Tours avec M VIGNAC, l&rsquo;Atelier de Mme LIN\u00c9-JAGOT \u00e0 Pontoise, les d\u00e9cors de th\u00e9\u00e2tre amateur, les expositions et les rencontres d&rsquo;artistes, la rencontre avec Bernard COOLEN fondateur de l&rsquo;ARAC \u00e0 Tours, j&rsquo;ai construit mon parcours artistique en parall\u00e8le d&rsquo;une activit\u00e9 professionnelle captivante. Plus attir\u00e9 par le dessin pur que par la couleur, j&rsquo;ai \u00e9t\u00e9 influenc\u00e9 par les recherches des artistes du mouvement cubiste et par la recherche de l&rsquo;harmonie dans les compositions et dans les sculptures.<\/span><\/span><\/span><\/p>\n<p align=\"LEFT\"><span style=\"color: #000000;\"><span style=\"font-family: Futura;\"><span style=\"font-size: large;\">Depuis 1998, la sculpture synth\u00e9tise mes exp\u00e9riences visuelles, sensorielles et humaines. Le plaisir de la recherche de formes, de la conception dans l&rsquo;espace, le plaisir du contact du bois et la richesse des rencontres induites par cette activit\u00e9, constituent un moteur artistique extraordinaire.<\/span><\/span><\/span><\/p>\n<p align=\"LEFT\"><span style=\"color: #000000;\"><span style=\"font-family: Verdana,sans-serif;\"><span style=\"font-size: large;\"><span style=\"font-family: Futura;\"><span lang=\"fr-FR\">La rencontre avec Patrice RUILLARD, artiste et Fondeur d&rsquo;Art \u00e0 Couture sur Loir a \u00e9t\u00e9 tr\u00e8s instructive dans l&rsquo;approche des difficult\u00e9s techniques de la r\u00e9alisation d&rsquo;un bronze.<\/span><\/span><\/span><\/span><\/span><\/p>\n<p align=\"LEFT\"><span style=\"color: #000000;\"><span style=\"font-family: Futura;\"><span style=\"font-size: large;\">Quelques expositions collectives en Touraine, au Pays Basque, \u00e0 Toulouse et en Belgique m&rsquo;ont permis de pr\u00e9senter des sculptures en bois et en bronze.<\/span><\/span><\/span><\/p>\n<p align=\"LEFT\"><span style=\"color: #000000;\"><span style=\"font-family: Futura;\"><span style=\"font-size: large;\">Chaque exposition est un stimulateur d&rsquo;\u00e9motions et un moment fort \u00e0 partager.<\/span><\/span><\/span><\/p>\n<p align=\"LEFT\"><span style=\"color: #000000;\"><span style=\"font-family: Futura;\"><span style=\"font-size: large;\">\u00a0<\/span><\/span><\/span><\/p>\n<p align=\"LEFT\"><span style=\"color: #000000;\"><span style=\"font-family: Futura;\"><span style=\"font-size: large;\">En 2014, un anticyclone a repouss\u00e9 d\u00e9finitivement les nuages professionnels. A la crois\u00e9e des sentiers de vie, un regard vers le chemin parcouru est un tremplin pour d\u00e9fricher de nouvelles pistes artistiques personnelles. <\/span><\/span><\/span><\/p>\n<p align=\"LEFT\"><span style=\"color: #000000;\"><span style=\"font-family: Futura;\"><span style=\"font-size: large;\">Comme une compagne bienveillante, l&rsquo;art a accompagn\u00e9 et influenc\u00e9 ma vie, discr\u00e8tement.<br \/>\n<\/span><\/span><\/span><\/p>\n<p><span style=\"font-family: Futura;\"><span style=\"font-size: large;\">Un espace artistique s&rsquo;ouvre devant moi, offrant une perspective de plus grande libert\u00e9 d&rsquo;action dans ma recherche esth\u00e9tique et relationnelle. <\/span><\/span><\/p>\n<p><span style=\"color: #000000;\"><span style=\"font-family: Futura;\"><span style=\"font-size: xx-large;\"><b>EXPOSITIONS<\/b><\/span><\/span><\/span><\/p>\n<p align=\"LEFT\"><span style=\"color: #000000;\"><span style=\"font-family: Futura;\"><span style=\"font-size: large;\"><b>\u00c0 partir de 1998<\/b><\/span><\/span><\/span><\/p>\n<p align=\"LEFT\"><span style=\"color: #000000;\"><span style=\"font-family: Futura;\"><span style=\"font-size: large;\">Expositions collectives avec l\u2019ARAC \u2013 Atelier de Recherche en Art Contemporain &#8211; TOURS <\/span><\/span><\/span><\/p>\n<h2 class=\"western\" align=\"LEFT\"><span style=\"color: #000000;\"><span style=\"font-family: Futura;\"><span style=\"font-size: large;\"><b>1999 <\/b><\/span><\/span><\/span><\/h2>\n<p align=\"LEFT\"><span style=\"font-family: Futura;\"><span style=\"font-size: large;\"><span style=\"color: #000000;\"><span lang=\"fr-FR\">Salon artistique de <\/span><\/span><span style=\"color: #000000;\"><span lang=\"fr-FR\">Saint-Avertin<\/span><\/span><span style=\"color: #000000;\"><span lang=\"fr-FR\"> &#8211; Prix de l\u2019Office de tourisme<\/span><\/span><\/span><\/span><\/p>\n<p align=\"LEFT\"><span style=\"font-family: Futura;\"><span style=\"font-size: large;\"><span style=\"color: #000000;\"><span lang=\"fr-FR\">Salon de peinture et sculpture de <\/span><\/span><span style=\"color: #000000;\"><span lang=\"fr-FR\">Chambray-l\u00e8s-Tours &#8211; <\/span><\/span><span style=\"color: #000000;\"><span lang=\"fr-FR\">Prix de sculpture contemporaine <\/span><\/span><\/span><\/span><\/p>\n<h2 class=\"western\" align=\"LEFT\"><span style=\"color: #000000;\"><span style=\"font-family: Futura;\"><span style=\"font-size: large;\"><b>2000 <\/b><\/span><\/span><\/span><\/h2>\n<p align=\"LEFT\"><span style=\"font-family: Futura;\"><span style=\"font-size: large;\"><span style=\"color: #000000;\"><span lang=\"fr-FR\">Invit\u00e9 d\u2019honneur au Salon de peinture et sculpture &#8211; <\/span><\/span><span style=\"color: #000000;\"><span lang=\"fr-FR\">CHAMBRAY-L\u00c8S-TOURS<\/span><\/span> <\/span><\/span><\/p>\n<h2 class=\"western\" align=\"LEFT\"><span style=\"color: #000000;\"><span style=\"font-family: Futura;\"><span style=\"font-size: large;\"><b>2001<\/b><\/span><\/span><\/span><\/h2>\n<p align=\"LEFT\"><span style=\"font-family: Futura;\"><span style=\"font-size: large;\"><span style=\"color: #000000;\"><span lang=\"fr-FR\">LINEART Foire d\u2019Art internationale &#8211; <\/span><\/span><span style=\"color: #000000;\"><span lang=\"fr-FR\">Gand \u2013 Belgique <\/span><\/span><span style=\"color: #000000;\"><span lang=\"fr-FR\">avec l&rsquo;Atelier 19 de Bernard COOLEN &#8211; TOURS<\/span><\/span><\/span><\/span><\/p>\n<h2 class=\"western\" align=\"LEFT\"><span style=\"color: #000000;\"><span style=\"font-family: Futura;\"><span style=\"font-size: large;\"><b>2002<\/b><\/span><\/span><\/span><\/h2>\n<p><span style=\"color: #000000;\"><span style=\"font-family: Futura;\"><span style=\"font-size: large;\">Pavillon Charles X \u2013 SAINT-CYR-SUR-LOIRE<\/span><\/span><\/span> <span style=\"color: #000000;\"><span style=\"font-family: Futura;\"><span style=\"font-size: large;\">Salon du petit format \u2013 TRUYE<\/span><\/span><\/span><\/p>\n<p><span style=\"font-family: Futura;\"><span style=\"font-size: large;\"><span style=\"color: #000000;\"><span lang=\"fr-FR\">LINEART <\/span><\/span><\/span><\/span><span style=\"font-family: Futura;\"><span style=\"font-size: large;\"><span style=\"color: #000000;\"><span lang=\"fr-FR\">Foire d\u2019Art internationale &#8211; <\/span><\/span><span style=\"color: #000000;\"><span lang=\"fr-FR\">Gand \u2013 Belgique<\/span><\/span> <span style=\"color: #000000;\"><span lang=\"fr-FR\">avec l&rsquo;Atelier 19 de Bernard COOLEN &#8211; TOURS<\/span><\/span> <\/span><\/span><\/p>\n<h2 class=\"western\" align=\"LEFT\"><span style=\"color: #000000;\"><span style=\"font-family: Futura;\"><span style=\"font-size: large;\"><b>2003<\/b><\/span><\/span><\/span><\/h2>\n<p align=\"LEFT\"><span style=\"color: #000000;\"><span style=\"font-family: Futura;\"><span style=\"font-size: large;\">La Liodi\u00e8re \u2013 JOUE-LES-TOURS avec le LIGER CLUB<\/span><\/span><\/span><\/p>\n<p align=\"LEFT\"><span style=\"color: #000000;\"><span style=\"font-family: Futura;\"><span style=\"font-size: large;\">H\u00f4tel Hermitage \u2013 LA BAULE avec le LIGER CLUB<\/span><\/span><\/span><\/p>\n<p align=\"LEFT\"><span style=\"color: #000000;\"><span style=\"font-family: Futura;\"><span style=\"font-size: large;\">La Chapelle St Blaise &#8211; TRUYES<\/span><\/span><\/span><\/p>\n<h2 class=\"western\" align=\"LEFT\"><span style=\"color: #000000;\"><span style=\"font-family: Futura;\"><span style=\"font-size: large;\"><b>2004<\/b><\/span><\/span><\/span><\/h2>\n<p align=\"LEFT\"><span style=\"color: #000000;\"><span style=\"font-family: Futura;\"><span style=\"font-size: large;\">La Liodi\u00e8re \u2013 JOUE-LES-TOURS avec le LIGER CLUB<\/span><\/span><\/span><\/p>\n<h2 class=\"western\" align=\"LEFT\"><span style=\"color: #000000;\"><span style=\"font-family: Futura;\"><span style=\"font-size: large;\"><b>2005<\/b><\/span><\/span><\/span><\/h2>\n<p align=\"LEFT\"><span style=\"color: #000000;\"><span style=\"font-family: Futura;\"><span style=\"font-size: large;\">TOULOUSE \u2013 exposition dans les locaux d&rsquo;AIRBUS<\/span><\/span><\/span><\/p>\n<p align=\"LEFT\"><span style=\"color: #000000;\"><span style=\"font-family: Futura;\"><span style=\"font-size: large;\">Centre Thalasso Serge Blanco &#8211; HENDAYE<\/span><\/span><\/span><\/p>\n<h2 class=\"western\" align=\"LEFT\"><span style=\"color: #000000;\"><span style=\"font-family: Futura;\"><span style=\"font-size: large;\"><b>2006<\/b><\/span><\/span><\/span><\/h2>\n<p align=\"LEFT\"><span style=\"color: #000000;\"><span style=\"font-family: Futura;\"><span style=\"font-size: large;\">Centre Thalasso Serge Blanco &#8211; HENDAYE<\/span><\/span><\/span><\/p>\n<p align=\"LEFT\"><span style=\"color: #000000;\"><span style=\"font-family: Futura;\"><span style=\"font-size: large;\">Pavillon Charles X \u2013 ST CYR-SUR-LOIRE exposition avec FRAL artiste peintre<\/span><\/span><\/span><\/p>\n<p align=\"LEFT\"><span style=\"color: #000000;\"><span style=\"font-family: Futura;\"><span style=\"font-size: large;\">Les Greniers de C\u00e9sar \u2013 H\u00f4tel Choiseul \u2013 AMBOISE avec le LIGER CLUB<\/span><\/span><\/span><\/p>\n<p align=\"LEFT\"><span style=\"color: #000000;\"><span style=\"font-family: Futura;\"><span style=\"font-size: large;\">Les Greniers de C\u00e9sar \u2013 H\u00f4tel Choiseul \u2013 AMBOISE \u2013 Journ\u00e9es du Patrimoine<\/span><\/span><\/span><\/p>\n<h2 class=\"western\" align=\"LEFT\"><span style=\"color: #000000;\"><span style=\"font-family: Futura;\"><span style=\"font-size: large;\"><b>2007<\/b><\/span><\/span><\/span><\/h2>\n<p align=\"LEFT\"><span style=\"color: #000000;\"><span style=\"font-family: Futura;\"><span style=\"font-size: large;\">Centre Thalasso Serge Blanco \u2013 HENDAYE<\/span><\/span><\/span><\/p>\n<p align=\"LEFT\"><span style=\"color: #000000;\"><span style=\"font-family: Futura;\"><span style=\"font-size: large;\">Ch\u00e2teau de Bel-Air avec le Liger Club \u2013 TRUYES<br \/>\n<\/span><\/span><\/span><\/p>\n<h2 class=\"western\" align=\"LEFT\"><span style=\"color: #000000;\"><span style=\"font-family: Futura;\"><span style=\"font-size: large;\"><b>2008<\/b><\/span><\/span><\/span><\/h2>\n<p align=\"LEFT\"><span style=\"color: #000000;\"><span style=\"font-family: Futura;\"><span style=\"font-size: large;\">Centre de thalassoth\u00e9rapie Blanco \u2013 HENDAYE (f\u00e9vrier)<\/span><\/span><\/span><\/p>\n<p align=\"LEFT\"><span style=\"color: #000000;\"><span style=\"font-family: Futura;\"><span style=\"font-size: large;\">Ch\u00e2teau de Brindos \u2013 ANGLET (7 au 16 aout)<\/span><\/span><\/span><\/p>\n<p align=\"LEFT\"><span style=\"color: #000000;\"><span style=\"font-family: Futura;\"><span style=\"font-size: large;\">Galerie du Port \u2013 SAINT-JEAN-DE-LUZ (16 au 30 septembre)<\/span><\/span><\/span><\/p>\n<p align=\"LEFT\"><span style=\"color: #000000;\"><span style=\"font-family: Futura;\"><span style=\"font-size: large;\">Pavillon Charles X Expo ARAC \u2013 SAINT-CYR-SUR-LOIRE (18 au 28 octobre)<\/span><\/span><\/span><\/p>\n<p align=\"LEFT\"><span style=\"color: #000000;\"><span style=\"font-family: Futura;\"><span style=\"font-size: large;\">Maison de l&rsquo;Infante \u2013 SAINT-JEAN-DE-LUZ (1er au 31 d\u00e9cembre)<\/span><\/span><\/span><\/p>\n<h2 class=\"western\" align=\"LEFT\"><span style=\"color: #000000;\"><span style=\"font-family: Futura;\"><span style=\"font-size: large;\"><b>2009<\/b><\/span><\/span><\/span><\/h2>\n<p align=\"LEFT\"><span style=\"color: #000000;\"><span style=\"font-family: Futura;\"><span style=\"font-size: large;\">Centre de thalassoth\u00e9rapie Blanco \u2013 HENDAYE (3 au 9 janvier)<\/span><\/span><\/span><\/p>\n<p align=\"LEFT\"><span style=\"color: #000000;\"><span style=\"font-family: Futura;\"><span style=\"font-size: large;\">Salon de la Peinture et de la Sculpture de BALLAN-MIRE (31 janvier \u2013 1er f\u00e9vrier)<\/span><\/span><\/span><\/p>\n<p align=\"LEFT\"><span style=\"color: #000000;\"><span style=\"font-family: Futura;\"><span style=\"font-size: large;\">Le mai des Arts &#8211; Maison de l&rsquo;Infante \u2013 SAINT-JEAN-DE-LUZ<\/span><\/span><\/span><\/p>\n<p align=\"LEFT\"><span style=\"color: #000000;\"><span style=\"font-family: Futura;\"><span style=\"font-size: large;\">Ch\u00e2teau de Brindos \u2013 ANGLET (7 au 23 aout)<\/span><\/span><\/span><\/p>\n<h2 class=\"western\" align=\"LEFT\"><span style=\"color: #000000;\"><span style=\"font-family: Futura;\"><span style=\"font-size: large;\"><b>2010<\/b><\/span><\/span><\/span><\/h2>\n<p align=\"LEFT\"><span style=\"color: #000000;\"><span style=\"font-family: Futura;\"><span style=\"font-size: large;\">CHAMB&rsquo;ART Salon des cr\u00e9ateurs &#8211; <span lang=\"fr-FR\">CHAMBRAY-L\u00c8S-TOURS<\/span> (25,26 avril)<\/span><\/span><\/span><\/p>\n<p align=\"LEFT\"><span style=\"color: #000000;\"><span style=\"font-family: Futura;\"><span style=\"font-size: large;\">Exposition pour l&rsquo;inauguration de l&rsquo;arbre sculpt\u00e9 de SAINT-ROC<br \/>\n<\/span><\/span><\/span><\/p>\n<p align=\"LEFT\"><span style=\"color: #000000;\"><span style=\"font-family: Futura;\"><span style=\"font-size: large;\"><b>2016-2017<\/b><\/span><\/span><\/span><\/p>\n<p align=\"LEFT\"><span style=\"color: #000000;\"><span style=\"font-family: Futura;\"><span style=\"font-size: large;\">Expositions collectives avec l&rsquo;ARAC \u00e0 SAINT-CYR-SUR-LOIRE<\/span><\/span><\/span><\/p>\n<p align=\"LEFT\"><span style=\"color: #000000;\"><span style=\"font-family: Futura;\"><span style=\"font-size: large;\"><b>2018<\/b><\/span><\/span><\/span><\/p>\n<p align=\"LEFT\"><span style=\"color: #000000;\"><span style=\"font-family: Futura;\"><span style=\"font-size: large;\">Exposition collective avec deux sculpteurs\u00a0: Jean-Manuel BENOIST et Eric MATRONE &#8211; Pavillon CHARLES X &#8211; SAINT-CYR-SUR-LOIRE<\/span><\/span><\/span><\/p>\n<p><strong><span style=\"font-family: Futura;\"><span style=\"font-size: large;\">2019<\/span><\/span><\/strong><\/p>\n<p><span style=\"font-family: Futura;\"><span style=\"font-size: large;\">Exposition avec Nathalie MORALES &#8211; Peintre &#8211; et Marie-Jos\u00e8phe STENNE sculptrice\u00a0 &#8211; Galerie LAVOISIER &#8211; TOURS (5 au 18 octobre)<\/span><\/span><\/p>\n<p><span style=\"font-family: Futura;\"><span style=\"font-size: large;\"><strong>2021<\/strong><\/span><\/span><\/p>\n<p><span style=\"font-family: Futura;\"><span style=\"font-size: large;\">Exposition Collective &#8211; La Baraudi\u00e8re &#8211; CHAMBRAY-LES-TOURS &#8211; Journ\u00e9es du Patrimoine (17, 18, 19 septembre)<br \/>\n<\/span><\/span><\/p>\n<p><span style=\"font-family: Futura;\"><span style=\"font-size: large;\">2022<\/span><\/span><\/p>\n<p><strong><span style=\"font-family: Futura;\"><span style=\"font-size: large;\">Exposition au Pavillon de la Cr\u00e9ation \u00e0 St-Cyr-sur-Loire du 29\/9 au 27\/10<\/span><\/span><\/strong><\/p>\n<p class=\"western\">\n","protected":false},"excerpt":{"rendered":"<p>Dessin, caricature, graphisme, peinture, collages, affiches, travail du bois, \u00e0 travers les loisirs de jeunesse, les cours des Beaux-Arts de Tours avec M VIGNAC, l&rsquo;Atelier de Mme LIN\u00c9-JAGOT&#8230;<\/p>\n","protected":false},"author":1,"featured_media":0,"parent":0,"menu_order":0,"comment_status":"closed","ping_status":"closed","template":"","meta":[],"_links":{"self":[{"href":"http:\/\/patriceluquet.com\/index.php?rest_route=\/wp\/v2\/pages\/27"}],"collection":[{"href":"http:\/\/patriceluquet.com\/index.php?rest_route=\/wp\/v2\/pages"}],"about":[{"href":"http:\/\/patriceluquet.com\/index.php?rest_route=\/wp\/v2\/types\/page"}],"author":[{"embeddable":true,"href":"http:\/\/patriceluquet.com\/index.php?rest_route=\/wp\/v2\/users\/1"}],"replies":[{"embeddable":true,"href":"http:\/\/patriceluquet.com\/index.php?rest_route=%2Fwp%2Fv2%2Fcomments&post=27"}],"version-history":[{"count":27,"href":"http:\/\/patriceluquet.com\/index.php?rest_route=\/wp\/v2\/pages\/27\/revisions"}],"predecessor-version":[{"id":734,"href":"http:\/\/patriceluquet.com\/index.php?rest_route=\/wp\/v2\/pages\/27\/revisions\/734"}],"wp:attachment":[{"href":"http:\/\/patriceluquet.com\/index.php?rest_route=%2Fwp%2Fv2%2Fmedia&parent=27"}],"curies":[{"name":"wp","href":"https:\/\/api.w.org\/{rel}","templated":true}]}}